{"id":39,"date":"2026-01-26T20:01:19","date_gmt":"2026-01-26T20:01:19","guid":{"rendered":"https:\/\/emilielangford.fr\/index.php\/home\/"},"modified":"2026-03-09T13:05:39","modified_gmt":"2026-03-09T13:05:39","slug":"accueil","status":"publish","type":"page","link":"https:\/\/emilielangford.fr\/","title":{"rendered":"Accueil"},"content":{"rendered":"\t\t<div data-elementor-type=\"wp-page\" data-elementor-id=\"39\" class=\"elementor elementor-39\" data-elementor-post-type=\"page\">\n\t\t\t\t<div class=\"elementor-element elementor-element-7426c920 e-flex e-con-boxed e-con e-parent\" data-id=\"7426c920\" data-element_type=\"container\" data-e-type=\"container\" data-settings=\"{&quot;background_background&quot;:&quot;classic&quot;,&quot;shape_divider_top&quot;:&quot;mountains&quot;}\">\n\t\t\t\t\t<div class=\"e-con-inner\">\n\t\t\t\t<div class=\"elementor-shape elementor-shape-top\" aria-hidden=\"true\" data-negative=\"false\">\n\t\t\t<svg xmlns=\"http:\/\/www.w3.org\/2000\/svg\" viewBox=\"0 0 1000 100\" preserveAspectRatio=\"none\">\n\t<path class=\"elementor-shape-fill\" opacity=\"0.33\" d=\"M473,67.3c-203.9,88.3-263.1-34-320.3,0C66,119.1,0,59.7,0,59.7V0h1000v59.7 c0,0-62.1,26.1-94.9,29.3c-32.8,3.3-62.8-12.3-75.8-22.1C806,49.6,745.3,8.7,694.9,4.7S492.4,59,473,67.3z\"\/>\n\t<path class=\"elementor-shape-fill\" opacity=\"0.66\" d=\"M734,67.3c-45.5,0-77.2-23.2-129.1-39.1c-28.6-8.7-150.3-10.1-254,39.1 s-91.7-34.4-149.2,0C115.7,118.3,0,39.8,0,39.8V0h1000v36.5c0,0-28.2-18.5-92.1-18.5C810.2,18.1,775.7,67.3,734,67.3z\"\/>\n\t<path class=\"elementor-shape-fill\" d=\"M766.1,28.9c-200-57.5-266,65.5-395.1,19.5C242,1.8,242,5.4,184.8,20.6C128,35.8,132.3,44.9,89.9,52.5C28.6,63.7,0,0,0,0 h1000c0,0-9.9,40.9-83.6,48.1S829.6,47,766.1,28.9z\"\/>\n<\/svg>\t\t<\/div>\n\t\t\t\t<div class=\"elementor-element elementor-element-470e2de elementor-widget__width-initial elementor-widget-tablet__width-initial elementor-widget-mobile__width-initial elementor-widget elementor-widget-heading\" data-id=\"470e2de\" data-element_type=\"widget\" data-e-type=\"widget\" data-widget_type=\"heading.default\">\n\t\t\t\t\t<h1 class=\"elementor-heading-title elementor-size-default\">Bonjour ! Je m'appelle Emilie Langford.<\/h1>\t\t\t\t<\/div>\n\t\t\t\t<div class=\"elementor-element elementor-element-568ff56 elementor-widget__width-initial elementor-widget-tablet__width-initial elementor-widget-mobile__width-initial elementor-widget elementor-widget-heading\" data-id=\"568ff56\" data-element_type=\"widget\" data-e-type=\"widget\" data-widget_type=\"heading.default\">\n\t\t\t\t\t<h2 class=\"elementor-heading-title elementor-size-default\">Une historienne reconvertie \u00e0 l'UX Design.<\/h2>\t\t\t\t<\/div>\n\t\t\t\t\t<\/div>\n\t\t\t\t<\/div>\n\t\t<div class=\"elementor-element elementor-element-3034535b e-con-full e-flex e-con e-parent\" data-id=\"3034535b\" data-element_type=\"container\" data-e-type=\"container\" data-settings=\"{&quot;background_background&quot;:&quot;classic&quot;}\">\n\t\t<div class=\"elementor-element elementor-element-281122c e-con-full e-flex e-con e-child\" data-id=\"281122c\" data-element_type=\"container\" data-e-type=\"container\">\n\t\t\t\t<div class=\"elementor-element elementor-element-4038995 elementor-widget elementor-widget-image\" data-id=\"4038995\" data-element_type=\"widget\" data-e-type=\"widget\" data-widget_type=\"image.default\">\n\t\t\t\t\t\t\t\t\t\t\t\t\t\t\t<img fetchpriority=\"high\" decoding=\"async\" width=\"1448\" height=\"2048\" src=\"https:\/\/emilielangford.fr\/wp-content\/uploads\/2026\/02\/Portfolio-2026-1448x2048.png\" class=\"attachment-2048x2048 size-2048x2048 wp-image-462\" alt=\"Photo de Emilie, autrice du site web.\" \/>\t\t\t\t\t\t\t\t\t\t\t\t\t\t\t<\/div>\n\t\t\t\t<\/div>\n\t\t<div class=\"elementor-element elementor-element-6a263b30 e-con-full e-flex e-con e-child\" data-id=\"6a263b30\" data-element_type=\"container\" data-e-type=\"container\">\n\t\t\t\t<div class=\"elementor-element elementor-element-39b4cc8f elementor-widget-mobile__width-inherit elementor-widget__width-inherit elementor-widget elementor-widget-heading\" data-id=\"39b4cc8f\" data-element_type=\"widget\" data-e-type=\"widget\" data-widget_type=\"heading.default\">\n\t\t\t\t\t<h2 class=\"elementor-heading-title elementor-size-default\">\u00c0 propos de moi<\/h2>\t\t\t\t<\/div>\n\t\t\t\t<div class=\"elementor-element elementor-element-6cca1cbf elementor-widget__width-inherit elementor-widget-mobile__width-initial elementor-widget elementor-widget-text-editor\" data-id=\"6cca1cbf\" data-element_type=\"widget\" data-e-type=\"widget\" data-widget_type=\"text-editor.default\">\n\t\t\t\t\t\t\t\t\t<p>Actuellement en premi\u00e8re ann\u00e9e de Master Cultures et M\u00e9tiers du Web \u00e0 l&#8217;Universit\u00e9 de Gustave Eiffel (77). J&#8217;ai une passion pour ce qui rel\u00e8ve de l&#8217;humain, j&#8217;ai l&#8217;ambition de me sp\u00e9cialiser dans le domaine du design d&#8217;exp\u00e9rience utilisateur et plus particuli\u00e8rement dans l&#8217;accessibilit\u00e9 num\u00e9rique.<\/p><p>\u00a0<\/p><p>Je suis \u00e0 la recherche d&#8217;une alternance dans le cadre de ma formation, \u00e0 partir de septembre 2026. Ainsi, n&#8217;h\u00e9sitez pas \u00e0 me contacter si vous avez des questions ou des opportunit\u00e9s de collaboration.\u00a0<\/p>\t\t\t\t\t\t\t\t<\/div>\n\t\t\t\t<\/div>\n\t\t\t\t<\/div>\n\t\t<div class=\"elementor-element elementor-element-2e94525 e-flex e-con-boxed e-con e-parent\" data-id=\"2e94525\" data-element_type=\"container\" data-e-type=\"container\">\n\t\t\t\t\t<div class=\"e-con-inner\">\n\t\t<div class=\"elementor-element elementor-element-b7ad011 e-con-full e-flex e-con e-child\" data-id=\"b7ad011\" data-element_type=\"container\" data-e-type=\"container\">\n\t\t\t\t<div class=\"elementor-element elementor-element-63dbc49 elementor-widget elementor-widget-spacer\" data-id=\"63dbc49\" data-element_type=\"widget\" data-e-type=\"widget\" data-widget_type=\"spacer.default\">\n\t\t\t\t\t\t\t<div class=\"elementor-spacer\">\n\t\t\t<div class=\"elementor-spacer-inner\"><\/div>\n\t\t<\/div>\n\t\t\t\t\t\t<\/div>\n\t\t\t\t<div class=\"elementor-element elementor-element-435404a elementor-widget elementor-widget-heading\" data-id=\"435404a\" data-element_type=\"widget\" data-e-type=\"widget\" data-widget_type=\"heading.default\">\n\t\t\t\t\t<h2 class=\"elementor-heading-title elementor-size-default\">Consultez mes projets<\/h2>\t\t\t\t<\/div>\n\t\t\t\t<\/div>\n\t\t\t\t<div class=\"elementor-element elementor-element-b420357 elementor-widget-mobile__width-initial elementor-widget elementor-widget-hfe-basic-posts\" data-id=\"b420357\" data-element_type=\"widget\" data-e-type=\"widget\" data-widget_type=\"hfe-basic-posts.default\">\n\t\t\t\t<div class=\"elementor-widget-container\">\n\t\t\t\t\t\n<div class=\"hfe-posts-grid\">\n\t\t\t<article class=\"hfe-post-card\">\n\t\t\t\t\t\t\t<div class=\"hfe-post-image\">\n\t\t\t\t\t<a href=\"https:\/\/emilielangford.fr\/index.php\/2026\/01\/26\/hello-world\/\" rel=\"bookmark\">\n\t\t\t\t\t\t<img loading=\"lazy\" decoding=\"async\" width=\"842\" height=\"842\" src=\"https:\/\/emilielangford.fr\/wp-content\/uploads\/2026\/02\/Capture-decran-2026-02-21-185753-edited.png\" class=\"attachment-full size-full wp-post-image\" alt=\"Conception d&#8217;identit\u00e9 visuelle\" loading=\"lazy\" srcset=\"https:\/\/emilielangford.fr\/wp-content\/uploads\/2026\/02\/Capture-decran-2026-02-21-185753-edited.png 842w, https:\/\/emilielangford.fr\/wp-content\/uploads\/2026\/02\/Capture-decran-2026-02-21-185753-edited-300x300.png 300w, https:\/\/emilielangford.fr\/wp-content\/uploads\/2026\/02\/Capture-decran-2026-02-21-185753-edited-150x150.png 150w, https:\/\/emilielangford.fr\/wp-content\/uploads\/2026\/02\/Capture-decran-2026-02-21-185753-edited-768x768.png 768w\" sizes=\"auto, (max-width: 842px) 100vw, 842px\" \/>\t\t\t\t\t<\/a>\n\t\t\t\t<\/div>\n\t\t\t\n\t\t\t<div class=\"hfe-post-content\">\n\t\t\t\t\t\t\t\t\t<h3 class=\"hfe-post-title\">\n\t\t\t\t\t\t<a href=\"https:\/\/emilielangford.fr\/index.php\/2026\/01\/26\/hello-world\/\" rel=\"bookmark\">\n\t\t\t\t\t\t\tConception d&#8217;identit\u00e9 visuelle\t\t\t\t\t\t<\/a>\n\t\t\t\t\t<\/h3>\n\t\t\t\t\n\t\t\t\t\n\t\t\t\t\t\t\t\t\t<div class=\"hfe-post-excerpt\">\n\t\t\t\t\t\tDesign graphique...\t\t\t\t\t<\/div>\n\t\t\t\t\n\t\t\t\t\t\t\t\t\t<a href=\"https:\/\/emilielangford.fr\/index.php\/2026\/01\/26\/hello-world\/\" class=\"hfe-read-more\" rel=\"bookmark\">\n\t\t\t\t\t\tVoir plus \u2192\t\t\t\t\t<\/a>\n\t\t\t\t\t\t\t<\/div>\n\t\t<\/article>\n\t\t\t\t<article class=\"hfe-post-card\">\n\t\t\t\t\t\t\t<div class=\"hfe-post-image\">\n\t\t\t\t\t<a href=\"https:\/\/emilielangford.fr\/index.php\/2026\/02\/10\/projet-2\/\" rel=\"bookmark\">\n\t\t\t\t\t\t<img loading=\"lazy\" decoding=\"async\" width=\"794\" height=\"796\" src=\"https:\/\/emilielangford.fr\/wp-content\/uploads\/2026\/02\/Capture-decran-2026-02-15-161002.png\" class=\"attachment-full size-full wp-post-image\" alt=\"Conf\u00e9rences num\u00e9riques\" loading=\"lazy\" srcset=\"https:\/\/emilielangford.fr\/wp-content\/uploads\/2026\/02\/Capture-decran-2026-02-15-161002.png 794w, https:\/\/emilielangford.fr\/wp-content\/uploads\/2026\/02\/Capture-decran-2026-02-15-161002-300x300.png 300w, https:\/\/emilielangford.fr\/wp-content\/uploads\/2026\/02\/Capture-decran-2026-02-15-161002-150x150.png 150w, https:\/\/emilielangford.fr\/wp-content\/uploads\/2026\/02\/Capture-decran-2026-02-15-161002-768x770.png 768w\" sizes=\"auto, (max-width: 794px) 100vw, 794px\" \/>\t\t\t\t\t<\/a>\n\t\t\t\t<\/div>\n\t\t\t\n\t\t\t<div class=\"hfe-post-content\">\n\t\t\t\t\t\t\t\t\t<h3 class=\"hfe-post-title\">\n\t\t\t\t\t\t<a href=\"https:\/\/emilielangford.fr\/index.php\/2026\/02\/10\/projet-2\/\" rel=\"bookmark\">\n\t\t\t\t\t\t\tConf\u00e9rences num\u00e9riques\t\t\t\t\t\t<\/a>\n\t\t\t\t\t<\/h3>\n\t\t\t\t\n\t\t\t\t\n\t\t\t\t\t\t\t\t\t<div class=\"hfe-post-excerpt\">\n\t\t\t\t\t\tM\u00e9diation culturelle...\t\t\t\t\t<\/div>\n\t\t\t\t\n\t\t\t\t\t\t\t\t\t<a href=\"https:\/\/emilielangford.fr\/index.php\/2026\/02\/10\/projet-2\/\" class=\"hfe-read-more\" rel=\"bookmark\">\n\t\t\t\t\t\tVoir plus \u2192\t\t\t\t\t<\/a>\n\t\t\t\t\t\t\t<\/div>\n\t\t<\/article>\n\t\t\t\t<article class=\"hfe-post-card\">\n\t\t\t\t\t\t\t<div class=\"hfe-post-image\">\n\t\t\t\t\t<a href=\"https:\/\/emilielangford.fr\/index.php\/2026\/02\/10\/projet-3\/\" rel=\"bookmark\">\n\t\t\t\t\t\t<img loading=\"lazy\" decoding=\"async\" width=\"1587\" height=\"2245\" src=\"https:\/\/emilielangford.fr\/wp-content\/uploads\/2026\/02\/esn-front-page.png\" class=\"attachment-full size-full wp-post-image\" alt=\"Refonte de site web\" loading=\"lazy\" srcset=\"https:\/\/emilielangford.fr\/wp-content\/uploads\/2026\/02\/esn-front-page.png 1587w, https:\/\/emilielangford.fr\/wp-content\/uploads\/2026\/02\/esn-front-page-212x300.png 212w, https:\/\/emilielangford.fr\/wp-content\/uploads\/2026\/02\/esn-front-page-724x1024.png 724w, https:\/\/emilielangford.fr\/wp-content\/uploads\/2026\/02\/esn-front-page-768x1086.png 768w, https:\/\/emilielangford.fr\/wp-content\/uploads\/2026\/02\/esn-front-page-1086x1536.png 1086w, https:\/\/emilielangford.fr\/wp-content\/uploads\/2026\/02\/esn-front-page-1448x2048.png 1448w\" sizes=\"auto, (max-width: 1587px) 100vw, 1587px\" \/>\t\t\t\t\t<\/a>\n\t\t\t\t<\/div>\n\t\t\t\n\t\t\t<div class=\"hfe-post-content\">\n\t\t\t\t\t\t\t\t\t<h3 class=\"hfe-post-title\">\n\t\t\t\t\t\t<a href=\"https:\/\/emilielangford.fr\/index.php\/2026\/02\/10\/projet-3\/\" rel=\"bookmark\">\n\t\t\t\t\t\t\tRefonte de site web\t\t\t\t\t\t<\/a>\n\t\t\t\t\t<\/h3>\n\t\t\t\t\n\t\t\t\t\n\t\t\t\t\t\t\t\t\t<div class=\"hfe-post-excerpt\">\n\t\t\t\t\t\tWeb Design...\t\t\t\t\t<\/div>\n\t\t\t\t\n\t\t\t\t\t\t\t\t\t<a href=\"https:\/\/emilielangford.fr\/index.php\/2026\/02\/10\/projet-3\/\" class=\"hfe-read-more\" rel=\"bookmark\">\n\t\t\t\t\t\tVoir plus \u2192\t\t\t\t\t<\/a>\n\t\t\t\t\t\t\t<\/div>\n\t\t<\/article>\n\t\t<\/div>\n\t\t\t\t<\/div>\n\t\t\t\t<\/div>\n\t\t\t\t<div class=\"elementor-element elementor-element-abfa988 elementor-widget elementor-widget-spacer\" data-id=\"abfa988\" data-element_type=\"widget\" data-e-type=\"widget\" data-widget_type=\"spacer.default\">\n\t\t\t\t\t\t\t<div class=\"elementor-spacer\">\n\t\t\t<div class=\"elementor-spacer-inner\"><\/div>\n\t\t<\/div>\n\t\t\t\t\t\t<\/div>\n\t\t\t\t\t<\/div>\n\t\t\t\t<\/div>\n\t\t<div class=\"elementor-element elementor-element-d6b17d4 e-flex e-con-boxed e-con e-parent\" data-id=\"d6b17d4\" data-element_type=\"container\" data-e-type=\"container\">\n\t\t\t\t\t<div class=\"e-con-inner\">\n\t\t\t\t<div class=\"elementor-element elementor-element-0b96ec8 elementor-widget elementor-widget-heading\" data-id=\"0b96ec8\" data-element_type=\"widget\" data-e-type=\"widget\" data-widget_type=\"heading.default\">\n\t\t\t\t\t<h2 class=\"elementor-heading-title elementor-size-default\">Je rends mon site web accessible avec...<\/h2>\t\t\t\t<\/div>\n\t\t\t\t<div class=\"elementor-element elementor-element-91c6ce1 elementor-widget elementor-widget-spacer\" data-id=\"91c6ce1\" data-element_type=\"widget\" data-e-type=\"widget\" data-widget_type=\"spacer.default\">\n\t\t\t\t\t\t\t<div class=\"elementor-spacer\">\n\t\t\t<div class=\"elementor-spacer-inner\"><\/div>\n\t\t<\/div>\n\t\t\t\t\t\t<\/div>\n\t\t\t\t\t<\/div>\n\t\t\t\t<\/div>\n\t\t<div class=\"elementor-element elementor-element-b6fccbb e-grid e-con-boxed e-con e-parent\" data-id=\"b6fccbb\" data-element_type=\"container\" data-e-type=\"container\">\n\t\t\t\t\t<div class=\"e-con-inner\">\n\t\t\t\t<div class=\"elementor-element elementor-element-00e475b elementor-position-top elementor-widget elementor-widget-image-box\" data-id=\"00e475b\" data-element_type=\"widget\" data-e-type=\"widget\" data-widget_type=\"image-box.default\">\n\t\t\t\t\t<div class=\"elementor-image-box-wrapper\"><figure class=\"elementor-image-box-img\"><img decoding=\"async\" src=\"https:\/\/emilielangford.fr\/wp-content\/uploads\/2026\/02\/Capture-decran-2026-02-18-173800.png\" title=\"Capture d&#8217;\u00e9cran 2026-02-18 173800\" alt=\"Capture d&#039;\u00e9cran 2026-02-18 173800\" loading=\"lazy\" \/><\/figure><div class=\"elementor-image-box-content\"><h3 class=\"elementor-image-box-title\">Une police lisible<\/h3><p class=\"elementor-image-box-description\">Roboto est une typographie sans serif avec une bonne lisibilit\u00e9.<\/p><\/div><\/div>\t\t\t\t<\/div>\n\t\t\t\t<div class=\"elementor-element elementor-element-292a961 elementor-position-top elementor-widget elementor-widget-image-box\" data-id=\"292a961\" data-element_type=\"widget\" data-e-type=\"widget\" data-widget_type=\"image-box.default\">\n\t\t\t\t\t<div class=\"elementor-image-box-wrapper\"><figure class=\"elementor-image-box-img\"><img decoding=\"async\" width=\"541\" height=\"510\" src=\"https:\/\/emilielangford.fr\/wp-content\/uploads\/2026\/02\/Capture-decran-2026-02-18-174015.png\" class=\"attachment-full size-full wp-image-1465\" alt=\"\" srcset=\"https:\/\/emilielangford.fr\/wp-content\/uploads\/2026\/02\/Capture-decran-2026-02-18-174015.png 541w, https:\/\/emilielangford.fr\/wp-content\/uploads\/2026\/02\/Capture-decran-2026-02-18-174015-300x283.png 300w\" sizes=\"(max-width: 541px) 100vw, 541px\" \/><\/figure><div class=\"elementor-image-box-content\"><h3 class=\"elementor-image-box-title\">Le texte alternatif<\/h3><p class=\"elementor-image-box-description\">Permet de d\u00e9crire une image pour les personnes en situation d'handicap visuel. <\/p><\/div><\/div>\t\t\t\t<\/div>\n\t\t\t\t<div class=\"elementor-element elementor-element-cf71d2e elementor-position-top elementor-widget elementor-widget-image-box\" data-id=\"cf71d2e\" data-element_type=\"widget\" data-e-type=\"widget\" data-widget_type=\"image-box.default\">\n\t\t\t\t\t<div class=\"elementor-image-box-wrapper\"><figure class=\"elementor-image-box-img\"><img decoding=\"async\" width=\"488\" height=\"491\" src=\"https:\/\/emilielangford.fr\/wp-content\/uploads\/2026\/02\/Capture-decran-2026-02-18-174203.png\" class=\"attachment-full size-full wp-image-1472\" alt=\"\" srcset=\"https:\/\/emilielangford.fr\/wp-content\/uploads\/2026\/02\/Capture-decran-2026-02-18-174203.png 488w, https:\/\/emilielangford.fr\/wp-content\/uploads\/2026\/02\/Capture-decran-2026-02-18-174203-298x300.png 298w, https:\/\/emilielangford.fr\/wp-content\/uploads\/2026\/02\/Capture-decran-2026-02-18-174203-150x150.png 150w\" sizes=\"(max-width: 488px) 100vw, 488px\" \/><\/figure><div class=\"elementor-image-box-content\"><h3 class=\"elementor-image-box-title\">Un fil aryane<\/h3><p class=\"elementor-image-box-description\">Permettre aux  personnes avec un handicap cognitif de naviguer le site. <\/p><\/div><\/div>\t\t\t\t<\/div>\n\t\t\t\t\t<\/div>\n\t\t\t\t<\/div>\n\t\t\t\t<\/div>\n\t\t","protected":false},"excerpt":{"rendered":"<p>Bonjour ! Je m&#8217;appelle Emilie Langford. Une historienne reconvertie \u00e0 l&#8217;UX Design. \u00c0 propos de moi Actuellement en premi\u00e8re ann\u00e9e de Master Cultures et M\u00e9tiers du Web \u00e0 l&#8217;Universit\u00e9 de Gustave Eiffel (77). J&#8217;ai une passion pour ce qui rel\u00e8ve de l&#8217;humain, j&#8217;ai l&#8217;ambition de me sp\u00e9cialiser dans le domaine du design d&#8217;exp\u00e9rience utilisateur et [&hellip;]<\/p>\n","protected":false},"author":1,"featured_media":43,"parent":0,"menu_order":0,"comment_status":"closed","ping_status":"closed","template":"elementor_header_footer","meta":{"footnotes":""},"class_list":["post-39","page","type-page","status-publish","has-post-thumbnail","hentry"],"yoast_head":"<!-- This site is optimized with the Yoast SEO plugin v26.9 - https:\/\/yoast.com\/product\/yoast-seo-wordpress\/ -->\n<title>Accueil - EL<\/title>\n<meta name=\"robots\" content=\"index, follow, max-snippet:-1, max-image-preview:large, max-video-preview:-1\" \/>\n<link rel=\"canonical\" href=\"https:\/\/emilielangford.fr\/\" \/>\n<meta property=\"og:locale\" content=\"en_US\" \/>\n<meta property=\"og:type\" content=\"article\" \/>\n<meta property=\"og:title\" content=\"Accueil - EL\" \/>\n<meta property=\"og:description\" content=\"Bonjour ! Je m&#8217;appelle Emilie Langford. Une historienne reconvertie \u00e0 l&#8217;UX Design. \u00c0 propos de moi Actuellement en premi\u00e8re ann\u00e9e de Master Cultures et M\u00e9tiers du Web \u00e0 l&#8217;Universit\u00e9 de Gustave Eiffel (77). J&#8217;ai une passion pour ce qui rel\u00e8ve de l&#8217;humain, j&#8217;ai l&#8217;ambition de me sp\u00e9cialiser dans le domaine du design d&#8217;exp\u00e9rience utilisateur et [&hellip;]\" \/>\n<meta property=\"og:url\" content=\"https:\/\/emilielangford.fr\/\" \/>\n<meta property=\"og:site_name\" content=\"EL\" \/>\n<meta property=\"article:modified_time\" content=\"2026-03-09T13:05:39+00:00\" \/>\n<meta property=\"og:image\" content=\"https:\/\/emilielangford.fr\/wp-content\/uploads\/2026\/01\/Homepage-400_380.jpg\" \/>\n\t<meta property=\"og:image:width\" content=\"400\" \/>\n\t<meta property=\"og:image:height\" content=\"380\" \/>\n\t<meta property=\"og:image:type\" content=\"image\/jpeg\" \/>\n<meta name=\"twitter:card\" content=\"summary_large_image\" \/>\n<meta name=\"twitter:label1\" content=\"Est. reading time\" \/>\n\t<meta name=\"twitter:data1\" content=\"1 minute\" \/>\n<script type=\"application\/ld+json\" class=\"yoast-schema-graph\">{\"@context\":\"https:\/\/schema.org\",\"@graph\":[{\"@type\":\"WebPage\",\"@id\":\"https:\/\/emilielangford.fr\/\",\"url\":\"https:\/\/emilielangford.fr\/\",\"name\":\"Accueil - EL\",\"isPartOf\":{\"@id\":\"https:\/\/emilielangford.fr\/#website\"},\"primaryImageOfPage\":{\"@id\":\"https:\/\/emilielangford.fr\/#primaryimage\"},\"image\":{\"@id\":\"https:\/\/emilielangford.fr\/#primaryimage\"},\"thumbnailUrl\":\"https:\/\/emilielangford.fr\/wp-content\/uploads\/2026\/01\/Homepage-400_380.jpg\",\"datePublished\":\"2026-01-26T20:01:19+00:00\",\"dateModified\":\"2026-03-09T13:05:39+00:00\",\"breadcrumb\":{\"@id\":\"https:\/\/emilielangford.fr\/#breadcrumb\"},\"inLanguage\":\"en-US\",\"potentialAction\":[{\"@type\":\"ReadAction\",\"target\":[\"https:\/\/emilielangford.fr\/\"]}]},{\"@type\":\"ImageObject\",\"inLanguage\":\"en-US\",\"@id\":\"https:\/\/emilielangford.fr\/#primaryimage\",\"url\":\"https:\/\/emilielangford.fr\/wp-content\/uploads\/2026\/01\/Homepage-400_380.jpg\",\"contentUrl\":\"https:\/\/emilielangford.fr\/wp-content\/uploads\/2026\/01\/Homepage-400_380.jpg\",\"width\":400,\"height\":380},{\"@type\":\"BreadcrumbList\",\"@id\":\"https:\/\/emilielangford.fr\/#breadcrumb\",\"itemListElement\":[{\"@type\":\"ListItem\",\"position\":1,\"name\":\"Home\",\"item\":\"https:\/\/emilielangford.fr\/\"},{\"@type\":\"ListItem\",\"position\":2,\"name\":\"Accueil\"}]},{\"@type\":\"WebSite\",\"@id\":\"https:\/\/emilielangford.fr\/#website\",\"url\":\"https:\/\/emilielangford.fr\/\",\"name\":\"Emilie Langford\",\"description\":\"Bienvenue sur mon portfolio !\",\"publisher\":{\"@id\":\"https:\/\/emilielangford.fr\/#\/schema\/person\/043ed0614804065a1300e1e4c81d8a02\"},\"potentialAction\":[{\"@type\":\"SearchAction\",\"target\":{\"@type\":\"EntryPoint\",\"urlTemplate\":\"https:\/\/emilielangford.fr\/?s={search_term_string}\"},\"query-input\":{\"@type\":\"PropertyValueSpecification\",\"valueRequired\":true,\"valueName\":\"search_term_string\"}}],\"inLanguage\":\"en-US\"},{\"@type\":[\"Person\",\"Organization\"],\"@id\":\"https:\/\/emilielangford.fr\/#\/schema\/person\/043ed0614804065a1300e1e4c81d8a02\",\"name\":\"emilie_admin\",\"image\":{\"@type\":\"ImageObject\",\"inLanguage\":\"en-US\",\"@id\":\"https:\/\/emilielangford.fr\/#\/schema\/person\/image\/\",\"url\":\"https:\/\/secure.gravatar.com\/avatar\/0843426725c0beab2ad15379b3f081d134e5147578f0e5e472c74f96c640c3b3?s=96&d=mm&r=g\",\"contentUrl\":\"https:\/\/secure.gravatar.com\/avatar\/0843426725c0beab2ad15379b3f081d134e5147578f0e5e472c74f96c640c3b3?s=96&d=mm&r=g\",\"caption\":\"emilie_admin\"},\"logo\":{\"@id\":\"https:\/\/emilielangford.fr\/#\/schema\/person\/image\/\"},\"sameAs\":[\"http:\/\/emilielangford.fr\"]}]}<\/script>\n<!-- \/ Yoast SEO plugin. -->","yoast_head_json":{"title":"Accueil - EL","robots":{"index":"index","follow":"follow","max-snippet":"max-snippet:-1","max-image-preview":"max-image-preview:large","max-video-preview":"max-video-preview:-1"},"canonical":"https:\/\/emilielangford.fr\/","og_locale":"en_US","og_type":"article","og_title":"Accueil - EL","og_description":"Bonjour ! Je m&#8217;appelle Emilie Langford. Une historienne reconvertie \u00e0 l&#8217;UX Design. \u00c0 propos de moi Actuellement en premi\u00e8re ann\u00e9e de Master Cultures et M\u00e9tiers du Web \u00e0 l&#8217;Universit\u00e9 de Gustave Eiffel (77). J&#8217;ai une passion pour ce qui rel\u00e8ve de l&#8217;humain, j&#8217;ai l&#8217;ambition de me sp\u00e9cialiser dans le domaine du design d&#8217;exp\u00e9rience utilisateur et [&hellip;]","og_url":"https:\/\/emilielangford.fr\/","og_site_name":"EL","article_modified_time":"2026-03-09T13:05:39+00:00","og_image":[{"width":400,"height":380,"url":"https:\/\/emilielangford.fr\/wp-content\/uploads\/2026\/01\/Homepage-400_380.jpg","type":"image\/jpeg"}],"twitter_card":"summary_large_image","twitter_misc":{"Est. reading time":"1 minute"},"schema":{"@context":"https:\/\/schema.org","@graph":[{"@type":"WebPage","@id":"https:\/\/emilielangford.fr\/","url":"https:\/\/emilielangford.fr\/","name":"Accueil - EL","isPartOf":{"@id":"https:\/\/emilielangford.fr\/#website"},"primaryImageOfPage":{"@id":"https:\/\/emilielangford.fr\/#primaryimage"},"image":{"@id":"https:\/\/emilielangford.fr\/#primaryimage"},"thumbnailUrl":"https:\/\/emilielangford.fr\/wp-content\/uploads\/2026\/01\/Homepage-400_380.jpg","datePublished":"2026-01-26T20:01:19+00:00","dateModified":"2026-03-09T13:05:39+00:00","breadcrumb":{"@id":"https:\/\/emilielangford.fr\/#breadcrumb"},"inLanguage":"en-US","potentialAction":[{"@type":"ReadAction","target":["https:\/\/emilielangford.fr\/"]}]},{"@type":"ImageObject","inLanguage":"en-US","@id":"https:\/\/emilielangford.fr\/#primaryimage","url":"https:\/\/emilielangford.fr\/wp-content\/uploads\/2026\/01\/Homepage-400_380.jpg","contentUrl":"https:\/\/emilielangford.fr\/wp-content\/uploads\/2026\/01\/Homepage-400_380.jpg","width":400,"height":380},{"@type":"BreadcrumbList","@id":"https:\/\/emilielangford.fr\/#breadcrumb","itemListElement":[{"@type":"ListItem","position":1,"name":"Home","item":"https:\/\/emilielangford.fr\/"},{"@type":"ListItem","position":2,"name":"Accueil"}]},{"@type":"WebSite","@id":"https:\/\/emilielangford.fr\/#website","url":"https:\/\/emilielangford.fr\/","name":"Emilie Langford","description":"Bienvenue sur mon portfolio !","publisher":{"@id":"https:\/\/emilielangford.fr\/#\/schema\/person\/043ed0614804065a1300e1e4c81d8a02"},"potentialAction":[{"@type":"SearchAction","target":{"@type":"EntryPoint","urlTemplate":"https:\/\/emilielangford.fr\/?s={search_term_string}"},"query-input":{"@type":"PropertyValueSpecification","valueRequired":true,"valueName":"search_term_string"}}],"inLanguage":"en-US"},{"@type":["Person","Organization"],"@id":"https:\/\/emilielangford.fr\/#\/schema\/person\/043ed0614804065a1300e1e4c81d8a02","name":"emilie_admin","image":{"@type":"ImageObject","inLanguage":"en-US","@id":"https:\/\/emilielangford.fr\/#\/schema\/person\/image\/","url":"https:\/\/secure.gravatar.com\/avatar\/0843426725c0beab2ad15379b3f081d134e5147578f0e5e472c74f96c640c3b3?s=96&d=mm&r=g","contentUrl":"https:\/\/secure.gravatar.com\/avatar\/0843426725c0beab2ad15379b3f081d134e5147578f0e5e472c74f96c640c3b3?s=96&d=mm&r=g","caption":"emilie_admin"},"logo":{"@id":"https:\/\/emilielangford.fr\/#\/schema\/person\/image\/"},"sameAs":["http:\/\/emilielangford.fr"]}]}},"_links":{"self":[{"href":"https:\/\/emilielangford.fr\/index.php\/wp-json\/wp\/v2\/pages\/39","targetHints":{"allow":["GET"]}}],"collection":[{"href":"https:\/\/emilielangford.fr\/index.php\/wp-json\/wp\/v2\/pages"}],"about":[{"href":"https:\/\/emilielangford.fr\/index.php\/wp-json\/wp\/v2\/types\/page"}],"author":[{"embeddable":true,"href":"https:\/\/emilielangford.fr\/index.php\/wp-json\/wp\/v2\/users\/1"}],"replies":[{"embeddable":true,"href":"https:\/\/emilielangford.fr\/index.php\/wp-json\/wp\/v2\/comments?post=39"}],"version-history":[{"count":890,"href":"https:\/\/emilielangford.fr\/index.php\/wp-json\/wp\/v2\/pages\/39\/revisions"}],"predecessor-version":[{"id":2499,"href":"https:\/\/emilielangford.fr\/index.php\/wp-json\/wp\/v2\/pages\/39\/revisions\/2499"}],"wp:featuredmedia":[{"embeddable":true,"href":"https:\/\/emilielangford.fr\/index.php\/wp-json\/wp\/v2\/media\/43"}],"wp:attachment":[{"href":"https:\/\/emilielangford.fr\/index.php\/wp-json\/wp\/v2\/media?parent=39"}],"curies":[{"name":"wp","href":"https:\/\/api.w.org\/{rel}","templated":true}]}}