{"id":12,"date":"2026-01-26T20:01:16","date_gmt":"2026-01-26T20:01:16","guid":{"rendered":"https:\/\/emilielangford.fr\/index.php\/contact\/"},"modified":"2026-03-09T13:12:13","modified_gmt":"2026-03-09T13:12:13","slug":"contacts","status":"publish","type":"page","link":"https:\/\/emilielangford.fr\/index.php\/contacts\/","title":{"rendered":"Contacts"},"content":{"rendered":"\t\t<div data-elementor-type=\"wp-page\" data-elementor-id=\"12\" class=\"elementor elementor-12\" data-elementor-post-type=\"page\">\n\t\t\t\t<div class=\"elementor-element elementor-element-70f957b2 e-flex e-con-boxed e-con e-parent\" data-id=\"70f957b2\" data-element_type=\"container\" data-e-type=\"container\" data-settings=\"{&quot;background_background&quot;:&quot;classic&quot;,&quot;shape_divider_top&quot;:&quot;mountains&quot;}\">\n\t\t\t\t\t<div class=\"e-con-inner\">\n\t\t\t\t<div class=\"elementor-shape elementor-shape-top\" aria-hidden=\"true\" data-negative=\"false\">\n\t\t\t<svg xmlns=\"http:\/\/www.w3.org\/2000\/svg\" viewBox=\"0 0 1000 100\" preserveAspectRatio=\"none\">\n\t<path class=\"elementor-shape-fill\" opacity=\"0.33\" d=\"M473,67.3c-203.9,88.3-263.1-34-320.3,0C66,119.1,0,59.7,0,59.7V0h1000v59.7 c0,0-62.1,26.1-94.9,29.3c-32.8,3.3-62.8-12.3-75.8-22.1C806,49.6,745.3,8.7,694.9,4.7S492.4,59,473,67.3z\"\/>\n\t<path class=\"elementor-shape-fill\" opacity=\"0.66\" d=\"M734,67.3c-45.5,0-77.2-23.2-129.1-39.1c-28.6-8.7-150.3-10.1-254,39.1 s-91.7-34.4-149.2,0C115.7,118.3,0,39.8,0,39.8V0h1000v36.5c0,0-28.2-18.5-92.1-18.5C810.2,18.1,775.7,67.3,734,67.3z\"\/>\n\t<path class=\"elementor-shape-fill\" d=\"M766.1,28.9c-200-57.5-266,65.5-395.1,19.5C242,1.8,242,5.4,184.8,20.6C128,35.8,132.3,44.9,89.9,52.5C28.6,63.7,0,0,0,0 h1000c0,0-9.9,40.9-83.6,48.1S829.6,47,766.1,28.9z\"\/>\n<\/svg>\t\t<\/div>\n\t\t<div class=\"elementor-element elementor-element-781aaf24 e-con-full e-flex e-con e-child\" data-id=\"781aaf24\" data-element_type=\"container\" data-e-type=\"container\">\n\t\t<div class=\"elementor-element elementor-element-16e3ca6 e-con-full e-flex e-con e-child\" data-id=\"16e3ca6\" data-element_type=\"container\" data-e-type=\"container\">\n\t\t\t\t<div class=\"elementor-element elementor-element-940bb5e elementor-widget elementor-widget-heading\" data-id=\"940bb5e\" data-element_type=\"widget\" data-e-type=\"widget\" data-widget_type=\"heading.default\">\n\t\t\t\t\t<h1 class=\"elementor-heading-title elementor-size-default\">Contactez-moi<\/h1>\t\t\t\t<\/div>\n\t\t\t\t<\/div>\n\t\t\t\t<\/div>\n\t\t\t\t\t<\/div>\n\t\t\t\t<\/div>\n\t\t<div class=\"elementor-element elementor-element-499235a4 e-con-full e-flex e-con e-parent\" data-id=\"499235a4\" data-element_type=\"container\" data-e-type=\"container\">\n\t\t<div class=\"elementor-element elementor-element-296953e e-flex e-con-boxed e-con e-child\" data-id=\"296953e\" data-element_type=\"container\" data-e-type=\"container\">\n\t\t\t\t\t<div class=\"e-con-inner\">\n\t\t<div class=\"elementor-element elementor-element-f5e58fc e-grid e-con-full e-con e-child\" data-id=\"f5e58fc\" data-element_type=\"container\" data-e-type=\"container\">\n\t\t<div class=\"elementor-element elementor-element-769b8af e-con-full e-flex e-con e-child\" data-id=\"769b8af\" data-element_type=\"container\" data-e-type=\"container\">\n\t\t\t\t<div class=\"elementor-element elementor-element-72d03d1 elementor-widget elementor-widget-heading\" data-id=\"72d03d1\" data-element_type=\"widget\" data-e-type=\"widget\" data-widget_type=\"heading.default\">\n\t\t\t\t\t<h2 class=\"elementor-heading-title elementor-size-default\">Email<\/h2>\t\t\t\t<\/div>\n\t\t\t\t<div class=\"elementor-element elementor-element-d1baa34 elementor-widget elementor-widget-text-editor\" data-id=\"d1baa34\" data-element_type=\"widget\" data-e-type=\"widget\" data-widget_type=\"text-editor.default\">\n\t\t\t\t\t\t\t\t\t<p>emiligrace.langford@gmail.com<\/p>\t\t\t\t\t\t\t\t<\/div>\n\t\t\t\t<\/div>\n\t\t<div class=\"elementor-element elementor-element-2f768f4 e-con-full e-flex e-con e-child\" data-id=\"2f768f4\" data-element_type=\"container\" data-e-type=\"container\">\n\t\t\t\t<div class=\"elementor-element elementor-element-0e8bc01 elementor-widget elementor-widget-heading\" data-id=\"0e8bc01\" data-element_type=\"widget\" data-e-type=\"widget\" data-widget_type=\"heading.default\">\n\t\t\t\t\t<h2 class=\"elementor-heading-title elementor-size-default\">Voici mon CV<\/h2>\t\t\t\t<\/div>\n\t\t\t\t<div class=\"elementor-element elementor-element-e8b875a elementor-align-center elementor-widget elementor-widget-button\" data-id=\"e8b875a\" data-element_type=\"widget\" data-e-type=\"widget\" data-widget_type=\"button.default\">\n\t\t\t\t\t\t\t\t\t\t<a class=\"elementor-button elementor-button-link elementor-size-sm\" href=\"http:\/\/emilielangford.fr\/wp-content\/uploads\/2026\/03\/CV_Langford-Emilie.pdf\" target=\"_blank\">\n\t\t\t\t\t\t<span class=\"elementor-button-content-wrapper\">\n\t\t\t\t\t\t\t\t\t<span class=\"elementor-button-text\">T\u00e9l\u00e9chargez<\/span>\n\t\t\t\t\t<\/span>\n\t\t\t\t\t<\/a>\n\t\t\t\t\t\t\t\t<\/div>\n\t\t\t\t<\/div>\n\t\t<div class=\"elementor-element elementor-element-867eb9a e-con-full e-flex e-con e-child\" data-id=\"867eb9a\" data-element_type=\"container\" data-e-type=\"container\">\n\t\t\t\t<div class=\"elementor-element elementor-element-a171d68 elementor-widget elementor-widget-heading\" data-id=\"a171d68\" data-element_type=\"widget\" data-e-type=\"widget\" data-widget_type=\"heading.default\">\n\t\t\t\t\t<h2 class=\"elementor-heading-title elementor-size-default\">Num\u00e9ro de t\u00e9l\u00e9phone<\/h2>\t\t\t\t<\/div>\n\t\t\t\t<div class=\"elementor-element elementor-element-4757253 elementor-widget elementor-widget-text-editor\" data-id=\"4757253\" data-element_type=\"widget\" data-e-type=\"widget\" data-widget_type=\"text-editor.default\">\n\t\t\t\t\t\t\t\t\t<p>06 28 36 85 60<\/p>\t\t\t\t\t\t\t\t<\/div>\n\t\t\t\t<\/div>\n\t\t\t\t<\/div>\n\t\t\t\t\t<\/div>\n\t\t\t\t<\/div>\n\t\t\t\t<div class=\"elementor-element elementor-element-a12af40 elementor-widget elementor-widget-spacer\" data-id=\"a12af40\" data-element_type=\"widget\" data-e-type=\"widget\" data-widget_type=\"spacer.default\">\n\t\t\t\t\t\t\t<div class=\"elementor-spacer\">\n\t\t\t<div class=\"elementor-spacer-inner\"><\/div>\n\t\t<\/div>\n\t\t\t\t\t\t<\/div>\n\t\t\t\t<div class=\"elementor-element elementor-element-32c21180 elementor-widget elementor-widget-heading\" data-id=\"32c21180\" data-element_type=\"widget\" data-e-type=\"widget\" data-widget_type=\"heading.default\">\n\t\t\t\t\t<h2 class=\"elementor-heading-title elementor-size-default\">Mes projets r\u00e9cents<\/h2>\t\t\t\t<\/div>\n\t\t\t\t<div class=\"elementor-element elementor-element-1e9997ce elementor-widget elementor-widget-heading\" data-id=\"1e9997ce\" data-element_type=\"widget\" data-e-type=\"widget\" data-widget_type=\"heading.default\">\n\t\t\t\t\t<h5 class=\"elementor-heading-title elementor-size-default\">Entre cr\u00e9ation visuelle, m\u00e9diation num\u00e9rique et accessibilit\u00e9.<\/h5>\t\t\t\t<\/div>\n\t\t\t\t<div class=\"elementor-element elementor-element-9d06128 elementor-widget elementor-widget-spacer\" data-id=\"9d06128\" data-element_type=\"widget\" data-e-type=\"widget\" data-widget_type=\"spacer.default\">\n\t\t\t\t\t\t\t<div class=\"elementor-spacer\">\n\t\t\t<div class=\"elementor-spacer-inner\"><\/div>\n\t\t<\/div>\n\t\t\t\t\t\t<\/div>\n\t\t\t\t<\/div>\n\t\t<div class=\"elementor-element elementor-element-191502d e-flex e-con-boxed e-con e-parent\" data-id=\"191502d\" data-element_type=\"container\" data-e-type=\"container\">\n\t\t\t\t\t<div class=\"e-con-inner\">\n\t\t\t\t<div class=\"elementor-element elementor-element-021b8e9 elementor-widget-mobile__width-initial elementor-widget elementor-widget-hfe-basic-posts\" data-id=\"021b8e9\" data-element_type=\"widget\" data-e-type=\"widget\" data-widget_type=\"hfe-basic-posts.default\">\n\t\t\t\t<div class=\"elementor-widget-container\">\n\t\t\t\t\t\n<div class=\"hfe-posts-grid\">\n\t\t\t<article class=\"hfe-post-card\">\n\t\t\t\t\t\t\t<div class=\"hfe-post-image\">\n\t\t\t\t\t<a href=\"https:\/\/emilielangford.fr\/index.php\/2026\/01\/26\/hello-world\/\" rel=\"bookmark\">\n\t\t\t\t\t\t<img loading=\"lazy\" decoding=\"async\" width=\"842\" height=\"842\" src=\"https:\/\/emilielangford.fr\/wp-content\/uploads\/2026\/02\/Capture-decran-2026-02-21-185753-edited.png\" class=\"attachment-full size-full wp-post-image\" alt=\"Conception d&#8217;identit\u00e9 visuelle\" loading=\"lazy\" srcset=\"https:\/\/emilielangford.fr\/wp-content\/uploads\/2026\/02\/Capture-decran-2026-02-21-185753-edited.png 842w, https:\/\/emilielangford.fr\/wp-content\/uploads\/2026\/02\/Capture-decran-2026-02-21-185753-edited-300x300.png 300w, https:\/\/emilielangford.fr\/wp-content\/uploads\/2026\/02\/Capture-decran-2026-02-21-185753-edited-150x150.png 150w, https:\/\/emilielangford.fr\/wp-content\/uploads\/2026\/02\/Capture-decran-2026-02-21-185753-edited-768x768.png 768w\" sizes=\"auto, (max-width: 842px) 100vw, 842px\" \/>\t\t\t\t\t<\/a>\n\t\t\t\t<\/div>\n\t\t\t\n\t\t\t<div class=\"hfe-post-content\">\n\t\t\t\t\t\t\t\t\t<h3 class=\"hfe-post-title\">\n\t\t\t\t\t\t<a href=\"https:\/\/emilielangford.fr\/index.php\/2026\/01\/26\/hello-world\/\" rel=\"bookmark\">\n\t\t\t\t\t\t\tConception d&#8217;identit\u00e9 visuelle\t\t\t\t\t\t<\/a>\n\t\t\t\t\t<\/h3>\n\t\t\t\t\n\t\t\t\t\n\t\t\t\t\t\t\t\t\t<div class=\"hfe-post-excerpt\">\n\t\t\t\t\t\tDesign graphique...\t\t\t\t\t<\/div>\n\t\t\t\t\n\t\t\t\t\t\t\t\t\t<a href=\"https:\/\/emilielangford.fr\/index.php\/2026\/01\/26\/hello-world\/\" class=\"hfe-read-more\" rel=\"bookmark\">\n\t\t\t\t\t\tVoir plus \u2192\t\t\t\t\t<\/a>\n\t\t\t\t\t\t\t<\/div>\n\t\t<\/article>\n\t\t\t\t<article class=\"hfe-post-card\">\n\t\t\t\t\t\t\t<div class=\"hfe-post-image\">\n\t\t\t\t\t<a href=\"https:\/\/emilielangford.fr\/index.php\/2026\/02\/10\/projet-2\/\" rel=\"bookmark\">\n\t\t\t\t\t\t<img loading=\"lazy\" decoding=\"async\" width=\"794\" height=\"796\" src=\"https:\/\/emilielangford.fr\/wp-content\/uploads\/2026\/02\/Capture-decran-2026-02-15-161002.png\" class=\"attachment-full size-full wp-post-image\" alt=\"Conf\u00e9rences num\u00e9riques\" loading=\"lazy\" srcset=\"https:\/\/emilielangford.fr\/wp-content\/uploads\/2026\/02\/Capture-decran-2026-02-15-161002.png 794w, https:\/\/emilielangford.fr\/wp-content\/uploads\/2026\/02\/Capture-decran-2026-02-15-161002-300x300.png 300w, https:\/\/emilielangford.fr\/wp-content\/uploads\/2026\/02\/Capture-decran-2026-02-15-161002-150x150.png 150w, https:\/\/emilielangford.fr\/wp-content\/uploads\/2026\/02\/Capture-decran-2026-02-15-161002-768x770.png 768w\" sizes=\"auto, (max-width: 794px) 100vw, 794px\" \/>\t\t\t\t\t<\/a>\n\t\t\t\t<\/div>\n\t\t\t\n\t\t\t<div class=\"hfe-post-content\">\n\t\t\t\t\t\t\t\t\t<h3 class=\"hfe-post-title\">\n\t\t\t\t\t\t<a href=\"https:\/\/emilielangford.fr\/index.php\/2026\/02\/10\/projet-2\/\" rel=\"bookmark\">\n\t\t\t\t\t\t\tConf\u00e9rences num\u00e9riques\t\t\t\t\t\t<\/a>\n\t\t\t\t\t<\/h3>\n\t\t\t\t\n\t\t\t\t\n\t\t\t\t\t\t\t\t\t<div class=\"hfe-post-excerpt\">\n\t\t\t\t\t\tM\u00e9diation culturelle...\t\t\t\t\t<\/div>\n\t\t\t\t\n\t\t\t\t\t\t\t\t\t<a href=\"https:\/\/emilielangford.fr\/index.php\/2026\/02\/10\/projet-2\/\" class=\"hfe-read-more\" rel=\"bookmark\">\n\t\t\t\t\t\tVoir plus \u2192\t\t\t\t\t<\/a>\n\t\t\t\t\t\t\t<\/div>\n\t\t<\/article>\n\t\t\t\t<article class=\"hfe-post-card\">\n\t\t\t\t\t\t\t<div class=\"hfe-post-image\">\n\t\t\t\t\t<a href=\"https:\/\/emilielangford.fr\/index.php\/2026\/02\/10\/projet-3\/\" rel=\"bookmark\">\n\t\t\t\t\t\t<img loading=\"lazy\" decoding=\"async\" width=\"1587\" height=\"2245\" src=\"https:\/\/emilielangford.fr\/wp-content\/uploads\/2026\/02\/esn-front-page.png\" class=\"attachment-full size-full wp-post-image\" alt=\"Refonte de site web\" loading=\"lazy\" srcset=\"https:\/\/emilielangford.fr\/wp-content\/uploads\/2026\/02\/esn-front-page.png 1587w, https:\/\/emilielangford.fr\/wp-content\/uploads\/2026\/02\/esn-front-page-212x300.png 212w, https:\/\/emilielangford.fr\/wp-content\/uploads\/2026\/02\/esn-front-page-724x1024.png 724w, https:\/\/emilielangford.fr\/wp-content\/uploads\/2026\/02\/esn-front-page-768x1086.png 768w, https:\/\/emilielangford.fr\/wp-content\/uploads\/2026\/02\/esn-front-page-1086x1536.png 1086w, https:\/\/emilielangford.fr\/wp-content\/uploads\/2026\/02\/esn-front-page-1448x2048.png 1448w\" sizes=\"auto, (max-width: 1587px) 100vw, 1587px\" \/>\t\t\t\t\t<\/a>\n\t\t\t\t<\/div>\n\t\t\t\n\t\t\t<div class=\"hfe-post-content\">\n\t\t\t\t\t\t\t\t\t<h3 class=\"hfe-post-title\">\n\t\t\t\t\t\t<a href=\"https:\/\/emilielangford.fr\/index.php\/2026\/02\/10\/projet-3\/\" rel=\"bookmark\">\n\t\t\t\t\t\t\tRefonte de site web\t\t\t\t\t\t<\/a>\n\t\t\t\t\t<\/h3>\n\t\t\t\t\n\t\t\t\t\n\t\t\t\t\t\t\t\t\t<div class=\"hfe-post-excerpt\">\n\t\t\t\t\t\tWeb Design...\t\t\t\t\t<\/div>\n\t\t\t\t\n\t\t\t\t\t\t\t\t\t<a href=\"https:\/\/emilielangford.fr\/index.php\/2026\/02\/10\/projet-3\/\" class=\"hfe-read-more\" rel=\"bookmark\">\n\t\t\t\t\t\tVoir plus \u2192\t\t\t\t\t<\/a>\n\t\t\t\t\t\t\t<\/div>\n\t\t<\/article>\n\t\t<\/div>\n\t\t\t\t<\/div>\n\t\t\t\t<\/div>\n\t\t\t\t\t<\/div>\n\t\t\t\t<\/div>\n\t\t\t\t<\/div>\n\t\t","protected":false},"excerpt":{"rendered":"<p>Contactez-moi Email emiligrace.langford@gmail.com Voici mon CV T\u00e9l\u00e9chargez Num\u00e9ro de t\u00e9l\u00e9phone 06 28 36 85 60 Mes projets r\u00e9cents Entre cr\u00e9ation visuelle, m\u00e9diation num\u00e9rique et accessibilit\u00e9. Conception d&#8217;identit\u00e9 visuelle Design graphique&#8230; Voir plus \u2192 Conf\u00e9rences num\u00e9riques M\u00e9diation culturelle&#8230; Voir plus \u2192 Refonte de site web Web Design&#8230; Voir plus \u2192<\/p>\n","protected":false},"author":1,"featured_media":19,"parent":0,"menu_order":0,"comment_status":"closed","ping_status":"closed","template":"elementor_header_footer","meta":{"footnotes":""},"class_list":["post-12","page","type-page","status-publish","has-post-thumbnail","hentry"],"yoast_head":"<!-- This site is optimized with the Yoast SEO plugin v26.9 - https:\/\/yoast.com\/product\/yoast-seo-wordpress\/ -->\n<title>Contacts - EL<\/title>\n<meta name=\"robots\" content=\"index, follow, max-snippet:-1, max-image-preview:large, max-video-preview:-1\" \/>\n<link rel=\"canonical\" href=\"https:\/\/emilielangford.fr\/index.php\/contacts\/\" \/>\n<meta property=\"og:locale\" content=\"en_US\" \/>\n<meta property=\"og:type\" content=\"article\" \/>\n<meta property=\"og:title\" content=\"Contacts - EL\" \/>\n<meta property=\"og:description\" content=\"Contactez-moi Email emiligrace.langford@gmail.com Voici mon CV T\u00e9l\u00e9chargez Num\u00e9ro de t\u00e9l\u00e9phone 06 28 36 85 60 Mes projets r\u00e9cents Entre cr\u00e9ation visuelle, m\u00e9diation num\u00e9rique et accessibilit\u00e9. Conception d&#8217;identit\u00e9 visuelle Design graphique&#8230; Voir plus \u2192 Conf\u00e9rences num\u00e9riques M\u00e9diation culturelle&#8230; Voir plus \u2192 Refonte de site web Web Design&#8230; Voir plus \u2192\" \/>\n<meta property=\"og:url\" content=\"https:\/\/emilielangford.fr\/index.php\/contacts\/\" \/>\n<meta property=\"og:site_name\" content=\"EL\" \/>\n<meta property=\"article:modified_time\" content=\"2026-03-09T13:12:13+00:00\" \/>\n<meta property=\"og:image\" content=\"https:\/\/emilielangford.fr\/wp-content\/uploads\/2026\/01\/Contact-400_380.jpg\" \/>\n\t<meta property=\"og:image:width\" content=\"400\" \/>\n\t<meta property=\"og:image:height\" content=\"380\" \/>\n\t<meta property=\"og:image:type\" content=\"image\/jpeg\" \/>\n<meta name=\"twitter:card\" content=\"summary_large_image\" \/>\n<meta name=\"twitter:label1\" content=\"Est. reading time\" \/>\n\t<meta name=\"twitter:data1\" content=\"1 minute\" \/>\n<script type=\"application\/ld+json\" class=\"yoast-schema-graph\">{\"@context\":\"https:\/\/schema.org\",\"@graph\":[{\"@type\":\"WebPage\",\"@id\":\"https:\/\/emilielangford.fr\/index.php\/contacts\/\",\"url\":\"https:\/\/emilielangford.fr\/index.php\/contacts\/\",\"name\":\"Contacts - EL\",\"isPartOf\":{\"@id\":\"https:\/\/emilielangford.fr\/#website\"},\"primaryImageOfPage\":{\"@id\":\"https:\/\/emilielangford.fr\/index.php\/contacts\/#primaryimage\"},\"image\":{\"@id\":\"https:\/\/emilielangford.fr\/index.php\/contacts\/#primaryimage\"},\"thumbnailUrl\":\"https:\/\/emilielangford.fr\/wp-content\/uploads\/2026\/01\/Contact-400_380.jpg\",\"datePublished\":\"2026-01-26T20:01:16+00:00\",\"dateModified\":\"2026-03-09T13:12:13+00:00\",\"breadcrumb\":{\"@id\":\"https:\/\/emilielangford.fr\/index.php\/contacts\/#breadcrumb\"},\"inLanguage\":\"en-US\",\"potentialAction\":[{\"@type\":\"ReadAction\",\"target\":[\"https:\/\/emilielangford.fr\/index.php\/contacts\/\"]}]},{\"@type\":\"ImageObject\",\"inLanguage\":\"en-US\",\"@id\":\"https:\/\/emilielangford.fr\/index.php\/contacts\/#primaryimage\",\"url\":\"https:\/\/emilielangford.fr\/wp-content\/uploads\/2026\/01\/Contact-400_380.jpg\",\"contentUrl\":\"https:\/\/emilielangford.fr\/wp-content\/uploads\/2026\/01\/Contact-400_380.jpg\",\"width\":400,\"height\":380},{\"@type\":\"BreadcrumbList\",\"@id\":\"https:\/\/emilielangford.fr\/index.php\/contacts\/#breadcrumb\",\"itemListElement\":[{\"@type\":\"ListItem\",\"position\":1,\"name\":\"Home\",\"item\":\"https:\/\/emilielangford.fr\/\"},{\"@type\":\"ListItem\",\"position\":2,\"name\":\"Contacts\"}]},{\"@type\":\"WebSite\",\"@id\":\"https:\/\/emilielangford.fr\/#website\",\"url\":\"https:\/\/emilielangford.fr\/\",\"name\":\"Emilie Langford\",\"description\":\"Bienvenue sur mon portfolio !\",\"publisher\":{\"@id\":\"https:\/\/emilielangford.fr\/#\/schema\/person\/043ed0614804065a1300e1e4c81d8a02\"},\"potentialAction\":[{\"@type\":\"SearchAction\",\"target\":{\"@type\":\"EntryPoint\",\"urlTemplate\":\"https:\/\/emilielangford.fr\/?s={search_term_string}\"},\"query-input\":{\"@type\":\"PropertyValueSpecification\",\"valueRequired\":true,\"valueName\":\"search_term_string\"}}],\"inLanguage\":\"en-US\"},{\"@type\":[\"Person\",\"Organization\"],\"@id\":\"https:\/\/emilielangford.fr\/#\/schema\/person\/043ed0614804065a1300e1e4c81d8a02\",\"name\":\"emilie_admin\",\"image\":{\"@type\":\"ImageObject\",\"inLanguage\":\"en-US\",\"@id\":\"https:\/\/emilielangford.fr\/#\/schema\/person\/image\/\",\"url\":\"https:\/\/secure.gravatar.com\/avatar\/0843426725c0beab2ad15379b3f081d134e5147578f0e5e472c74f96c640c3b3?s=96&d=mm&r=g\",\"contentUrl\":\"https:\/\/secure.gravatar.com\/avatar\/0843426725c0beab2ad15379b3f081d134e5147578f0e5e472c74f96c640c3b3?s=96&d=mm&r=g\",\"caption\":\"emilie_admin\"},\"logo\":{\"@id\":\"https:\/\/emilielangford.fr\/#\/schema\/person\/image\/\"},\"sameAs\":[\"http:\/\/emilielangford.fr\"]}]}<\/script>\n<!-- \/ Yoast SEO plugin. -->","yoast_head_json":{"title":"Contacts - EL","robots":{"index":"index","follow":"follow","max-snippet":"max-snippet:-1","max-image-preview":"max-image-preview:large","max-video-preview":"max-video-preview:-1"},"canonical":"https:\/\/emilielangford.fr\/index.php\/contacts\/","og_locale":"en_US","og_type":"article","og_title":"Contacts - EL","og_description":"Contactez-moi Email emiligrace.langford@gmail.com Voici mon CV T\u00e9l\u00e9chargez Num\u00e9ro de t\u00e9l\u00e9phone 06 28 36 85 60 Mes projets r\u00e9cents Entre cr\u00e9ation visuelle, m\u00e9diation num\u00e9rique et accessibilit\u00e9. Conception d&#8217;identit\u00e9 visuelle Design graphique&#8230; Voir plus \u2192 Conf\u00e9rences num\u00e9riques M\u00e9diation culturelle&#8230; Voir plus \u2192 Refonte de site web Web Design&#8230; Voir plus \u2192","og_url":"https:\/\/emilielangford.fr\/index.php\/contacts\/","og_site_name":"EL","article_modified_time":"2026-03-09T13:12:13+00:00","og_image":[{"width":400,"height":380,"url":"https:\/\/emilielangford.fr\/wp-content\/uploads\/2026\/01\/Contact-400_380.jpg","type":"image\/jpeg"}],"twitter_card":"summary_large_image","twitter_misc":{"Est. reading time":"1 minute"},"schema":{"@context":"https:\/\/schema.org","@graph":[{"@type":"WebPage","@id":"https:\/\/emilielangford.fr\/index.php\/contacts\/","url":"https:\/\/emilielangford.fr\/index.php\/contacts\/","name":"Contacts - EL","isPartOf":{"@id":"https:\/\/emilielangford.fr\/#website"},"primaryImageOfPage":{"@id":"https:\/\/emilielangford.fr\/index.php\/contacts\/#primaryimage"},"image":{"@id":"https:\/\/emilielangford.fr\/index.php\/contacts\/#primaryimage"},"thumbnailUrl":"https:\/\/emilielangford.fr\/wp-content\/uploads\/2026\/01\/Contact-400_380.jpg","datePublished":"2026-01-26T20:01:16+00:00","dateModified":"2026-03-09T13:12:13+00:00","breadcrumb":{"@id":"https:\/\/emilielangford.fr\/index.php\/contacts\/#breadcrumb"},"inLanguage":"en-US","potentialAction":[{"@type":"ReadAction","target":["https:\/\/emilielangford.fr\/index.php\/contacts\/"]}]},{"@type":"ImageObject","inLanguage":"en-US","@id":"https:\/\/emilielangford.fr\/index.php\/contacts\/#primaryimage","url":"https:\/\/emilielangford.fr\/wp-content\/uploads\/2026\/01\/Contact-400_380.jpg","contentUrl":"https:\/\/emilielangford.fr\/wp-content\/uploads\/2026\/01\/Contact-400_380.jpg","width":400,"height":380},{"@type":"BreadcrumbList","@id":"https:\/\/emilielangford.fr\/index.php\/contacts\/#breadcrumb","itemListElement":[{"@type":"ListItem","position":1,"name":"Home","item":"https:\/\/emilielangford.fr\/"},{"@type":"ListItem","position":2,"name":"Contacts"}]},{"@type":"WebSite","@id":"https:\/\/emilielangford.fr\/#website","url":"https:\/\/emilielangford.fr\/","name":"Emilie Langford","description":"Bienvenue sur mon portfolio !","publisher":{"@id":"https:\/\/emilielangford.fr\/#\/schema\/person\/043ed0614804065a1300e1e4c81d8a02"},"potentialAction":[{"@type":"SearchAction","target":{"@type":"EntryPoint","urlTemplate":"https:\/\/emilielangford.fr\/?s={search_term_string}"},"query-input":{"@type":"PropertyValueSpecification","valueRequired":true,"valueName":"search_term_string"}}],"inLanguage":"en-US"},{"@type":["Person","Organization"],"@id":"https:\/\/emilielangford.fr\/#\/schema\/person\/043ed0614804065a1300e1e4c81d8a02","name":"emilie_admin","image":{"@type":"ImageObject","inLanguage":"en-US","@id":"https:\/\/emilielangford.fr\/#\/schema\/person\/image\/","url":"https:\/\/secure.gravatar.com\/avatar\/0843426725c0beab2ad15379b3f081d134e5147578f0e5e472c74f96c640c3b3?s=96&d=mm&r=g","contentUrl":"https:\/\/secure.gravatar.com\/avatar\/0843426725c0beab2ad15379b3f081d134e5147578f0e5e472c74f96c640c3b3?s=96&d=mm&r=g","caption":"emilie_admin"},"logo":{"@id":"https:\/\/emilielangford.fr\/#\/schema\/person\/image\/"},"sameAs":["http:\/\/emilielangford.fr"]}]}},"_links":{"self":[{"href":"https:\/\/emilielangford.fr\/index.php\/wp-json\/wp\/v2\/pages\/12","targetHints":{"allow":["GET"]}}],"collection":[{"href":"https:\/\/emilielangford.fr\/index.php\/wp-json\/wp\/v2\/pages"}],"about":[{"href":"https:\/\/emilielangford.fr\/index.php\/wp-json\/wp\/v2\/types\/page"}],"author":[{"embeddable":true,"href":"https:\/\/emilielangford.fr\/index.php\/wp-json\/wp\/v2\/users\/1"}],"replies":[{"embeddable":true,"href":"https:\/\/emilielangford.fr\/index.php\/wp-json\/wp\/v2\/comments?post=12"}],"version-history":[{"count":209,"href":"https:\/\/emilielangford.fr\/index.php\/wp-json\/wp\/v2\/pages\/12\/revisions"}],"predecessor-version":[{"id":2513,"href":"https:\/\/emilielangford.fr\/index.php\/wp-json\/wp\/v2\/pages\/12\/revisions\/2513"}],"wp:featuredmedia":[{"embeddable":true,"href":"https:\/\/emilielangford.fr\/index.php\/wp-json\/wp\/v2\/media\/19"}],"wp:attachment":[{"href":"https:\/\/emilielangford.fr\/index.php\/wp-json\/wp\/v2\/media?parent=12"}],"curies":[{"name":"wp","href":"https:\/\/api.w.org\/{rel}","templated":true}]}}